{"id":3223,"date":"2021-10-30T10:53:52","date_gmt":"2021-10-30T08:53:52","guid":{"rendered":"https:\/\/www.milchzahngeschichten.de\/?post_type=product&#038;p=3223"},"modified":"2026-04-12T18:39:47","modified_gmt":"2026-04-12T16:39:47","slug":"die-etwas-andere-zahndose","status":"publish","type":"product","link":"https:\/\/www.milchzahngeschichten.de\/meine-milchzahn-geschichten\/produkt\/die-etwas-andere-zahndose\/","title":{"rendered":"&#8222;Meine Milchzahn-Geschichten &#8211; Die etwas andere Zahndose&#8220; neue Ausgabe 2021"},"content":{"rendered":"<p>&#8222;Meine Milchzahn-Geschichten &#8211; Die etwas andere <strong>Zahndose<\/strong>&#8220; in der neuen <strong>Ausgabe 2021<\/strong> ist ein Album zum Sammeln von <strong>Milchz\u00e4hnen<\/strong> und ihren <strong>Geschichten<\/strong>. Im Buch ist eine Drehscheibe integriert, durch die sich jeder Zahn zur passenden Geschichte drehen l\u00e4sst. Die <strong>Drehscheibe<\/strong> enth\u00e4lt 20 einzelne gepolsterte F\u00e4cher f\u00fcr die Milchz\u00e4hne. Das Buch ist liebevoll von der Illustratorin<strong> Saskia Diederichsen<\/strong> gestaltet worden. Im Albumteil besteht die M\u00f6glichkeit, <strong>Fotos<\/strong> einzukleben und die Geschichten durch eigene <strong>Zeichnungen<\/strong> zu erg\u00e4nzen. Die Z\u00e4hne k\u00f6nnen nach dem medizinischen <strong>Zahnschema<\/strong> eingeordnet werden, zusammenfassende Erkl\u00e4rungen dazu und zum Zahnwechsel befinden sich im hinteren Teil des Buches.<\/p>\n","protected":false},"excerpt":{"rendered":"<h3>Dein Sammelalbum f\u00fcr Milchz\u00e4hne<\/h3>\n<p>&#8222;Meine Milchzahn-Geschichten&#8220; ist ein Milchzahn-Sammelalbum mit integrierter Drehscheibe, durch die sich jeder einzelne Zahn zur passenden Geschichte bewegen l\u00e4sst. Jeder Zahn bekommt in dieser kreativen Zahndose sein eigenes Fach und wird aufbewahrt wie ein kleiner Schatz.<\/p>\n<p>&nbsp;<\/p>\n<p>ISBN: 978-3-00-067364-1<\/p>\n","protected":false},"featured_media":3631,"comment_status":"open","ping_status":"closed","template":"","meta":{"spay_email":""},"product_cat":[83],"product_tag":[89,90,88,84,91],"_links":{"self":[{"href":"https:\/\/www.milchzahngeschichten.de\/meine-milchzahn-geschichten\/wp-json\/wp\/v2\/product\/3223"}],"collection":[{"href":"https:\/\/www.milchzahngeschichten.de\/meine-milchzahn-geschichten\/wp-json\/wp\/v2\/product"}],"about":[{"href":"https:\/\/www.milchzahngeschichten.de\/meine-milchzahn-geschichten\/wp-json\/wp\/v2\/types\/product"}],"replies":[{"embeddable":true,"href":"https:\/\/www.milchzahngeschichten.de\/meine-milchzahn-geschichten\/wp-json\/wp\/v2\/comments?post=3223"}],"wp:featuredmedia":[{"embeddable":true,"href":"https:\/\/www.milchzahngeschichten.de\/meine-milchzahn-geschichten\/wp-json\/wp\/v2\/media\/3631"}],"wp:attachment":[{"href":"https:\/\/www.milchzahngeschichten.de\/meine-milchzahn-geschichten\/wp-json\/wp\/v2\/media?parent=3223"}],"wp:term":[{"taxonomy":"product_cat","embeddable":true,"href":"https:\/\/www.milchzahngeschichten.de\/meine-milchzahn-geschichten\/wp-json\/wp\/v2\/product_cat?post=3223"},{"taxonomy":"product_tag","embeddable":true,"href":"https:\/\/www.milchzahngeschichten.de\/meine-milchzahn-geschichten\/wp-json\/wp\/v2\/product_tag?post=3223"}],"curies":[{"name":"wp","href":"https:\/\/api.w.org\/{rel}","templated":true}]}}